{"id":16,"date":"2015-08-31T19:44:26","date_gmt":"2015-08-31T19:44:26","guid":{"rendered":"http:\/\/mocaclinic.ca\/?page_id=16"},"modified":"2018-01-17T20:55:59","modified_gmt":"2018-01-17T20:55:59","slug":"evenements","status":"publish","type":"page","link":"https:\/\/mocaclinic.ca\/fr\/evenements\/","title":{"rendered":"\u00c9v\u00e9nements"},"content":{"rendered":"","protected":false},"excerpt":{"rendered":"","protected":false},"author":1,"featured_media":0,"parent":0,"menu_order":50,"comment_status":"closed","ping_status":"closed","template":"","meta":{"footnotes":""},"yoast_head":"<!-- This site is optimized with the Yoast SEO plugin v21.4 - https:\/\/yoast.com\/wordpress\/plugins\/seo\/ -->\n<title>Ateliers &amp; \u00e9v\u00e9nements | Institut &amp; Clinique MoCA<\/title>\n<meta name=\"description\" content=\"Nous offrons des ateliers pour les familles des gens diagnostiqu\u00e9s de la maladie d\u2019Alzheimer et nous organisons des \u00e9v\u00e9nements pour soutenir la recherche.\" \/>\n<meta name=\"robots\" content=\"index, follow, max-snippet:-1, max-image-preview:large, max-video-preview:-1\" \/>\n<link rel=\"canonical\" href=\"https:\/\/mocaclinic.ca\/evenements\/\" \/>\n<meta property=\"og:locale\" content=\"fr_FR\" \/>\n<meta property=\"og:type\" content=\"article\" \/>\n<meta property=\"og:title\" content=\"Ateliers &amp; \u00e9v\u00e9nements | Institut &amp; Clinique MoCA\" \/>\n<meta property=\"og:description\" content=\"Nous offrons des ateliers pour les familles des gens diagnostiqu\u00e9s de la maladie d\u2019Alzheimer et nous organisons des \u00e9v\u00e9nements pour soutenir la recherche.\" \/>\n<meta property=\"og:url\" content=\"https:\/\/mocaclinic.ca\/evenements\/\" \/>\n<meta property=\"og:site_name\" content=\"Institut &amp; Clinique MoCA\" \/>\n<meta property=\"article:modified_time\" content=\"2018-01-17T20:55:59+00:00\" \/>\n<meta name=\"twitter:card\" content=\"summary_large_image\" \/>\n<script type=\"application\/ld+json\" class=\"yoast-schema-graph\">{\"@context\":\"https:\/\/schema.org\",\"@graph\":[{\"@type\":\"WebPage\",\"@id\":\"https:\/\/mocaclinic.ca\/evenements\/\",\"url\":\"https:\/\/mocaclinic.ca\/evenements\/\",\"name\":\"Ateliers & \u00e9v\u00e9nements | Institut & Clinique MoCA\",\"isPartOf\":{\"@id\":\"https:\/\/mocaclinic.ca\/#website\"},\"datePublished\":\"2015-08-31T19:44:26+00:00\",\"dateModified\":\"2018-01-17T20:55:59+00:00\",\"description\":\"Nous offrons des ateliers pour les familles des gens diagnostiqu\u00e9s de la maladie d\u2019Alzheimer et nous organisons des \u00e9v\u00e9nements pour soutenir la recherche.\",\"breadcrumb\":{\"@id\":\"https:\/\/mocaclinic.ca\/evenements\/#breadcrumb\"},\"inLanguage\":\"fr-FR\",\"potentialAction\":[{\"@type\":\"ReadAction\",\"target\":[\"https:\/\/mocaclinic.ca\/evenements\/\"]}]},{\"@type\":\"BreadcrumbList\",\"@id\":\"https:\/\/mocaclinic.ca\/evenements\/#breadcrumb\",\"itemListElement\":[{\"@type\":\"ListItem\",\"position\":1,\"name\":\"Home\",\"item\":\"https:\/\/mocaclinic.ca\/fr\/\"},{\"@type\":\"ListItem\",\"position\":2,\"name\":\"\u00c9v\u00e9nements\"}]},{\"@type\":\"WebSite\",\"@id\":\"https:\/\/mocaclinic.ca\/#website\",\"url\":\"https:\/\/mocaclinic.ca\/\",\"name\":\"Institut &amp; Clinique MoCA\",\"description\":\"\",\"potentialAction\":[{\"@type\":\"SearchAction\",\"target\":{\"@type\":\"EntryPoint\",\"urlTemplate\":\"https:\/\/mocaclinic.ca\/?s={search_term_string}\"},\"query-input\":\"required name=search_term_string\"}],\"inLanguage\":\"fr-FR\"}]}<\/script>\n<!-- \/ Yoast SEO plugin. -->","yoast_head_json":{"title":"Ateliers & \u00e9v\u00e9nements | Institut & Clinique MoCA","description":"Nous offrons des ateliers pour les familles des gens diagnostiqu\u00e9s de la maladie d\u2019Alzheimer et nous organisons des \u00e9v\u00e9nements pour soutenir la recherche.","robots":{"index":"index","follow":"follow","max-snippet":"max-snippet:-1","max-image-preview":"max-image-preview:large","max-video-preview":"max-video-preview:-1"},"canonical":"https:\/\/mocaclinic.ca\/evenements\/","og_locale":"fr_FR","og_type":"article","og_title":"Ateliers & \u00e9v\u00e9nements | Institut & Clinique MoCA","og_description":"Nous offrons des ateliers pour les familles des gens diagnostiqu\u00e9s de la maladie d\u2019Alzheimer et nous organisons des \u00e9v\u00e9nements pour soutenir la recherche.","og_url":"https:\/\/mocaclinic.ca\/evenements\/","og_site_name":"Institut &amp; Clinique MoCA","article_modified_time":"2018-01-17T20:55:59+00:00","twitter_card":"summary_large_image","schema":{"@context":"https:\/\/schema.org","@graph":[{"@type":"WebPage","@id":"https:\/\/mocaclinic.ca\/evenements\/","url":"https:\/\/mocaclinic.ca\/evenements\/","name":"Ateliers & \u00e9v\u00e9nements | Institut & Clinique MoCA","isPartOf":{"@id":"https:\/\/mocaclinic.ca\/#website"},"datePublished":"2015-08-31T19:44:26+00:00","dateModified":"2018-01-17T20:55:59+00:00","description":"Nous offrons des ateliers pour les familles des gens diagnostiqu\u00e9s de la maladie d\u2019Alzheimer et nous organisons des \u00e9v\u00e9nements pour soutenir la recherche.","breadcrumb":{"@id":"https:\/\/mocaclinic.ca\/evenements\/#breadcrumb"},"inLanguage":"fr-FR","potentialAction":[{"@type":"ReadAction","target":["https:\/\/mocaclinic.ca\/evenements\/"]}]},{"@type":"BreadcrumbList","@id":"https:\/\/mocaclinic.ca\/evenements\/#breadcrumb","itemListElement":[{"@type":"ListItem","position":1,"name":"Home","item":"https:\/\/mocaclinic.ca\/fr\/"},{"@type":"ListItem","position":2,"name":"\u00c9v\u00e9nements"}]},{"@type":"WebSite","@id":"https:\/\/mocaclinic.ca\/#website","url":"https:\/\/mocaclinic.ca\/","name":"Institut &amp; Clinique MoCA","description":"","potentialAction":[{"@type":"SearchAction","target":{"@type":"EntryPoint","urlTemplate":"https:\/\/mocaclinic.ca\/?s={search_term_string}"},"query-input":"required name=search_term_string"}],"inLanguage":"fr-FR"}]}},"_links":{"self":[{"href":"https:\/\/mocaclinic.ca\/fr\/wp-json\/wp\/v2\/pages\/16"}],"collection":[{"href":"https:\/\/mocaclinic.ca\/fr\/wp-json\/wp\/v2\/pages"}],"about":[{"href":"https:\/\/mocaclinic.ca\/fr\/wp-json\/wp\/v2\/types\/page"}],"author":[{"embeddable":true,"href":"https:\/\/mocaclinic.ca\/fr\/wp-json\/wp\/v2\/users\/1"}],"replies":[{"embeddable":true,"href":"https:\/\/mocaclinic.ca\/fr\/wp-json\/wp\/v2\/comments?post=16"}],"version-history":[{"count":2,"href":"https:\/\/mocaclinic.ca\/fr\/wp-json\/wp\/v2\/pages\/16\/revisions"}],"predecessor-version":[{"id":89,"href":"https:\/\/mocaclinic.ca\/fr\/wp-json\/wp\/v2\/pages\/16\/revisions\/89"}],"wp:attachment":[{"href":"https:\/\/mocaclinic.ca\/fr\/wp-json\/wp\/v2\/media?parent=16"}],"curies":[{"name":"wp","href":"https:\/\/api.w.org\/{rel}","templated":true}]}}