{"id":14,"date":"2015-08-31T19:44:08","date_gmt":"2015-08-31T19:44:08","guid":{"rendered":"http:\/\/mocaclinic.ca\/?page_id=14"},"modified":"2019-07-23T15:03:26","modified_gmt":"2019-07-23T15:03:26","slug":"a-propos","status":"publish","type":"page","link":"https:\/\/mocaclinic.ca\/fr\/a-propos\/","title":{"rendered":"\u00c0 propos"},"content":{"rendered":"","protected":false},"excerpt":{"rendered":"","protected":false},"author":1,"featured_media":0,"parent":0,"menu_order":40,"comment_status":"closed","ping_status":"closed","template":"","meta":{"footnotes":""},"yoast_head":"<!-- This site is optimized with the Yoast SEO plugin v21.4 - https:\/\/yoast.com\/wordpress\/plugins\/seo\/ -->\n<title>\u00c0 propos de MoCA | Institut &amp; Clinique MoCA<\/title>\n<meta name=\"description\" content=\"L&#039;institut et clinique MoCA, men\u00e9 par le Dr Ziad Nasreddine, est sp\u00e9cialis\u00e9 en diagnostic, recherche et soutien aux patients, portant sur l&#039;Alzheimer.\" \/>\n<meta name=\"robots\" content=\"index, follow, max-snippet:-1, max-image-preview:large, max-video-preview:-1\" \/>\n<link rel=\"canonical\" href=\"https:\/\/mocaclinic.ca\/a-propos\/\" \/>\n<meta property=\"og:locale\" content=\"fr_FR\" \/>\n<meta property=\"og:type\" content=\"article\" \/>\n<meta property=\"og:title\" content=\"\u00c0 propos de MoCA | Institut &amp; Clinique MoCA\" \/>\n<meta property=\"og:description\" content=\"L&#039;institut et clinique MoCA, men\u00e9 par le Dr Ziad Nasreddine, est sp\u00e9cialis\u00e9 en diagnostic, recherche et soutien aux patients, portant sur l&#039;Alzheimer.\" \/>\n<meta property=\"og:url\" content=\"https:\/\/mocaclinic.ca\/a-propos\/\" \/>\n<meta property=\"og:site_name\" content=\"Institut &amp; Clinique MoCA\" \/>\n<meta property=\"article:modified_time\" content=\"2019-07-23T15:03:26+00:00\" \/>\n<meta name=\"twitter:card\" content=\"summary_large_image\" \/>\n<script type=\"application\/ld+json\" class=\"yoast-schema-graph\">{\"@context\":\"https:\/\/schema.org\",\"@graph\":[{\"@type\":\"WebPage\",\"@id\":\"https:\/\/mocaclinic.ca\/a-propos\/\",\"url\":\"https:\/\/mocaclinic.ca\/a-propos\/\",\"name\":\"\u00c0 propos de MoCA | Institut & Clinique MoCA\",\"isPartOf\":{\"@id\":\"https:\/\/mocaclinic.ca\/#website\"},\"datePublished\":\"2015-08-31T19:44:08+00:00\",\"dateModified\":\"2019-07-23T15:03:26+00:00\",\"description\":\"L'institut et clinique MoCA, men\u00e9 par le Dr Ziad Nasreddine, est sp\u00e9cialis\u00e9 en diagnostic, recherche et soutien aux patients, portant sur l'Alzheimer.\",\"breadcrumb\":{\"@id\":\"https:\/\/mocaclinic.ca\/a-propos\/#breadcrumb\"},\"inLanguage\":\"fr-FR\",\"potentialAction\":[{\"@type\":\"ReadAction\",\"target\":[\"https:\/\/mocaclinic.ca\/a-propos\/\"]}]},{\"@type\":\"BreadcrumbList\",\"@id\":\"https:\/\/mocaclinic.ca\/a-propos\/#breadcrumb\",\"itemListElement\":[{\"@type\":\"ListItem\",\"position\":1,\"name\":\"Home\",\"item\":\"https:\/\/mocaclinic.ca\/fr\/\"},{\"@type\":\"ListItem\",\"position\":2,\"name\":\"\u00c0 propos\"}]},{\"@type\":\"WebSite\",\"@id\":\"https:\/\/mocaclinic.ca\/#website\",\"url\":\"https:\/\/mocaclinic.ca\/\",\"name\":\"Institut &amp; Clinique MoCA\",\"description\":\"\",\"potentialAction\":[{\"@type\":\"SearchAction\",\"target\":{\"@type\":\"EntryPoint\",\"urlTemplate\":\"https:\/\/mocaclinic.ca\/?s={search_term_string}\"},\"query-input\":\"required name=search_term_string\"}],\"inLanguage\":\"fr-FR\"}]}<\/script>\n<!-- \/ Yoast SEO plugin. -->","yoast_head_json":{"title":"\u00c0 propos de MoCA | Institut & Clinique MoCA","description":"L'institut et clinique MoCA, men\u00e9 par le Dr Ziad Nasreddine, est sp\u00e9cialis\u00e9 en diagnostic, recherche et soutien aux patients, portant sur l'Alzheimer.","robots":{"index":"index","follow":"follow","max-snippet":"max-snippet:-1","max-image-preview":"max-image-preview:large","max-video-preview":"max-video-preview:-1"},"canonical":"https:\/\/mocaclinic.ca\/a-propos\/","og_locale":"fr_FR","og_type":"article","og_title":"\u00c0 propos de MoCA | Institut & Clinique MoCA","og_description":"L'institut et clinique MoCA, men\u00e9 par le Dr Ziad Nasreddine, est sp\u00e9cialis\u00e9 en diagnostic, recherche et soutien aux patients, portant sur l'Alzheimer.","og_url":"https:\/\/mocaclinic.ca\/a-propos\/","og_site_name":"Institut &amp; Clinique MoCA","article_modified_time":"2019-07-23T15:03:26+00:00","twitter_card":"summary_large_image","schema":{"@context":"https:\/\/schema.org","@graph":[{"@type":"WebPage","@id":"https:\/\/mocaclinic.ca\/a-propos\/","url":"https:\/\/mocaclinic.ca\/a-propos\/","name":"\u00c0 propos de MoCA | Institut & Clinique MoCA","isPartOf":{"@id":"https:\/\/mocaclinic.ca\/#website"},"datePublished":"2015-08-31T19:44:08+00:00","dateModified":"2019-07-23T15:03:26+00:00","description":"L'institut et clinique MoCA, men\u00e9 par le Dr Ziad Nasreddine, est sp\u00e9cialis\u00e9 en diagnostic, recherche et soutien aux patients, portant sur l'Alzheimer.","breadcrumb":{"@id":"https:\/\/mocaclinic.ca\/a-propos\/#breadcrumb"},"inLanguage":"fr-FR","potentialAction":[{"@type":"ReadAction","target":["https:\/\/mocaclinic.ca\/a-propos\/"]}]},{"@type":"BreadcrumbList","@id":"https:\/\/mocaclinic.ca\/a-propos\/#breadcrumb","itemListElement":[{"@type":"ListItem","position":1,"name":"Home","item":"https:\/\/mocaclinic.ca\/fr\/"},{"@type":"ListItem","position":2,"name":"\u00c0 propos"}]},{"@type":"WebSite","@id":"https:\/\/mocaclinic.ca\/#website","url":"https:\/\/mocaclinic.ca\/","name":"Institut &amp; Clinique MoCA","description":"","potentialAction":[{"@type":"SearchAction","target":{"@type":"EntryPoint","urlTemplate":"https:\/\/mocaclinic.ca\/?s={search_term_string}"},"query-input":"required name=search_term_string"}],"inLanguage":"fr-FR"}]}},"_links":{"self":[{"href":"https:\/\/mocaclinic.ca\/fr\/wp-json\/wp\/v2\/pages\/14"}],"collection":[{"href":"https:\/\/mocaclinic.ca\/fr\/wp-json\/wp\/v2\/pages"}],"about":[{"href":"https:\/\/mocaclinic.ca\/fr\/wp-json\/wp\/v2\/types\/page"}],"author":[{"embeddable":true,"href":"https:\/\/mocaclinic.ca\/fr\/wp-json\/wp\/v2\/users\/1"}],"replies":[{"embeddable":true,"href":"https:\/\/mocaclinic.ca\/fr\/wp-json\/wp\/v2\/comments?post=14"}],"version-history":[{"count":1,"href":"https:\/\/mocaclinic.ca\/fr\/wp-json\/wp\/v2\/pages\/14\/revisions"}],"predecessor-version":[{"id":15,"href":"https:\/\/mocaclinic.ca\/fr\/wp-json\/wp\/v2\/pages\/14\/revisions\/15"}],"wp:attachment":[{"href":"https:\/\/mocaclinic.ca\/fr\/wp-json\/wp\/v2\/media?parent=14"}],"curies":[{"name":"wp","href":"https:\/\/api.w.org\/{rel}","templated":true}]}}